{"id":2751,"date":"2020-07-19T09:14:03","date_gmt":"2020-07-19T08:14:03","guid":{"rendered":"http:\/\/www.truth-revelations.org\/?page_id=2751"},"modified":"2020-07-19T09:14:03","modified_gmt":"2020-07-19T08:14:03","slug":"sacrifice","status":"publish","type":"page","link":"https:\/\/www.truth-revelations.org\/?page_id=2751","title":{"rendered":"Sacrifice"},"content":{"rendered":"\n<p>There is a story of Abraham and his son Isaac. This story tells us that god asked Abraham to sacrifice his beloved son as a test of his faith, but at the last moment stops him and instead offered a ram. Abraham and his wife Sarah were very old (over 90 years old) and they had no children. God had promised to make Abraham the father of many nations yet into their 90s, they still did not have any children. Sarah decided to hurry things up so she made Abraham sleep with her servant, Hagar. In those days, if a slave woman had a child, that child was considered to be the child of the master and his wife. Hagar had Ishmael. But God let Abraham know that this was not HIS plan. Ishmael was not the promised child. Finally, an angel appeared and told Sarah and Abraham that they would have a child. Sarah laughed! But, 9 months later, Isaac was born. He was the child of the promise. Abraham was a great man of faith to the Jews. God wanted to test his faith, so he told Abraham to make a sacrifice, as Jews were supposed to do back in those days, and the sacrifice was to be his son, Isaac. Abraham went up on a mountain with Isaac. Isaac, a young boy, asked his father: &#8220;Where is the lamb for the sacrifice?&#8221; Abraham, full of fear but a man of obedience, replied that &#8220;God would supply the lamb for the sacrifice.&#8221; Abraham laid Isaac down on the altar of sacrifice. Just as Abraham was about to bring the knife down to kill Isaac, God intervened and stopped Abraham. Isaac went on to grow up, marry and&nbsp;have children (Jacob and Esau),&nbsp;from whom he had grandchildren, great-grandchildren, etc. &#8211; as many as the stars in the sky, just as God had promised. In this way, Abraham was the father of the Jewish race.<\/p>\n\n\n\n<p>Now what does it really say? For that we need to know that names have meaning.<\/p>\n\n\n\n<p>\u201cFrom the Hebrew name&nbsp;<a href=\"https:\/\/www.behindthename.com\/support\/transcribe?type=HB&amp;target=Yiz%5E%3Ah%5Eaq\">\u05d9\u05b4\u05e6\u05b0\u05d7\u05b8\u05e7<\/a><em>&nbsp;(Yitzchaq)<\/em>&nbsp;meaning&nbsp;&#8220;he will laugh, he will rejoice&#8221;, derived from&nbsp;<a href=\"https:\/\/www.behindthename.com\/support\/transcribe?type=HB&amp;target=z%5Eah%5Ea%5Eq\">\u05e6\u05b8\u05d7\u05b7\u05e7<\/a><em>&nbsp;(<\/em><a href=\"https:\/\/www.behindthename.com\/element\/tzachaq\"><em>tzachaq<\/em><\/a><em>)<\/em>&nbsp;meaning &#8220;to laugh&#8221;. The&nbsp;<a href=\"https:\/\/www.behindthename.com\/glossary\/view\/old_testament\">Old Testament<\/a>&nbsp;explains this meaning, by recounting that&nbsp;<a href=\"https:\/\/www.behindthename.com\/name\/abraham\">Abraham<\/a>&nbsp;laughed when God told him that his aged wife&nbsp;<a href=\"https:\/\/www.behindthename.com\/name\/sarah\">Sarah<\/a>&nbsp;would become pregnant with Isaac (see&nbsp;<a href=\"https:\/\/www.blueletterbible.org\/niv\/gen\/17\/17\" target=\"_blank\" rel=\"noreferrer noopener\">Genesis 17:17<\/a>), and later Sarah laughed when overhearing the same prophecy (see&nbsp;<a href=\"https:\/\/www.blueletterbible.org\/niv\/gen\/18\/12\" target=\"_blank\" rel=\"noreferrer noopener\">Genesis 18:12<\/a>). When Isaac was a boy, God tested Abraham&#8217;s faith by ordering him to sacrifice his son, though an angel prevented the act at the last moment. Isaac went on to become the father of&nbsp;<a href=\"https:\/\/www.behindthename.com\/name\/esau\">Esau<\/a>&nbsp;and&nbsp;<a href=\"https:\/\/www.behindthename.com\/name\/jacob\">Jacob<\/a>&nbsp;with his wife&nbsp;<a href=\"https:\/\/www.behindthename.com\/name\/rebecca\">Rebecca<\/a>.\u201d<\/p>\n\n\n\n<p>All the names of people we find in the Book of Genesis have meanings quite relevant to the story of the persons concerned. For example, Abraham&#8217;s son is called Isaac (<em>Yitshaq<\/em>), which means &#8216;He Laughs&#8217;, a reference to Abraham laughing when told that he will father a son at the age of one hundred years. Jacob (<em>Ya&#8217;aqobh<\/em>) literally means &#8216;One That Takes By The Heel'(see&nbsp;<a href=\"http:\/\/www.kingjamesbibleonline.org\/book.php?book=Genesis&amp;chapter=25&amp;verse=26&amp;t=1\">Genesis 25:26<\/a>), a derivative of&nbsp;<em>&#8216;aqebh<\/em>&nbsp;(heel). As the story of Jacob progresses, his name is changed to Israel (<em>Yisra<\/em><em>\u2019<\/em><em>el<\/em>), the meaning of which is unclear, but is often translated as &#8216;Wrestled With God&#8217; or &#8216;Striver With [or Against] God&#8217;.<\/p>\n\n\n\n<p>To make it clear again we are often judging a book by its cover, we judge people without knowing the inner person or motivations, this we do nearly with all, including the ancient texts, thinking they then know it. But the ancient text is very different the our present use of language, our letters only have value in the words they create, while the ancient letters give meaning to the words they create because each letter has meaning. And another layer is number as it reveals structure and finally one that without understanding these other two is known as parables, metaphors etcetera, with the intent to get an idea of the nature of things, but nowadays it\u2019s often taken at face value. Let\u2019s go back to the inner mirrored sphere\/torus in the previous article. It\u2019s you in Plato\u2019s cave, the article\u2019s intent is to show how it works within that torus sphere and how to free yourself from it. The order by which it is reflecting within, from positive to negative and vice versa until we have balanced it out and centred ourselves. It\u2019s then that we eventually see outside the cave, because what happens within with its principles is a scale of what happens outside. So through knowing thy self we can recognize the truth of things outside ourselves. But we cannot step outside the cave unless the offer is made, a burned offering of the lam ego. Then you do not need to go to the mountain but the mountain will come to you. Which is very different from how it\u2019s used by so many internet gurus who tell you that you can have all you desire if you believe you are already having it etcetera. Now let\u2019s move to darkness, deep down in the ocean they found a fish that lives deep down where there is very little light that reaches it. This fish was photographed many times but all the photos show is a silhouette, it turns out it\u2019s the highest grade of black that does not reflect any light but absorbs it. That\u2019s the nature of the world of matter, it encapsulates light. And when you mix different colours of paint we get black, but if you do that with the different colours of light it turns white light. Here again it mirrors the nature of creation. Now this reflection within follows a pattern, this pattern is in accordance with the blueprint. Due to its cyclic nature we experience time. Time is not a separate entity but a illusionary cause of separation of the whole through the identification with all that is the cyclic nature of matter. This should help to comprehend the timeless nature of god. Another thing that should ring a bell is the fact that life is carbon based and carbons half-life (meaning that after a certain time a photon it released and resolves part of matter) is 5760 years.<\/p>\n\n\n\n<p>(https:\/\/youtu.be\/s7WtaRnuztI)<\/p>\n\n\n\n<p>Just a few number values you will now be able to recognize and place.<\/p>\n\n\n\n<p>Each 30\u00b0 or 2160, a zodiac sign, and the 66 books the cyclic nature blueprint. When we divide the 30 by 66 we get 4545454545\u2026 but 12 x 30 = 360\u00f766=5454545454\u2026<\/p>\n\n\n\n<p>But 2160 \u00f7 66 =32,727272. Which is equal to 25920 \u00f7 972=32,727272. And equal to 72 \u00f7 22 letters= 32,727272\u2026 now 6545 x 3,1416 = 20561772 \u00f7 52,36=3927.<\/p>\n\n\n\n<p>The total of neutrons and protons of the amino acids of DNA is 7920.<\/p>\n\n\n\n<p>The earth is 7920 British miles in diameter. And the 4 corners of the world radius 792 x 4=3168.<\/p>\n\n\n\n<p>Having studied the articles means it should be clear when I say that Abraham is the vessel and Isaac one &nbsp;of the puppets in the cave\/vessel.<\/p>\n\n\n\n<p>The following article is a new scientific discovery but just another conformation of the scalar nature of the torus spheres.<\/p>\n\n\n\n<p><a href=\"https:\/\/www.sciencealert.com\/a-giant-wall-of-galaxies-has-been-found-stretching-across-the-universe\">https:\/\/www.sciencealert.com\/a-giant-wall-of-galaxies-has-been-found-stretching-across-the-universe<\/a><\/p>\n\n\n\n<p>Now I\u2019ve told you that this tree has 7 points and is mirrored positive as well as negative, and this star configuration is of course a representation of light being divided (the sign of the rainbow), the seven rays broken up in its individual rays, that is the reflecting taking place within. On a personal level, planetary level and zodiac level interconnected.<\/p>\n\n\n\n<p>Now I\u2019ve explained the pilgrim\u2019s pass, and if you would reread the articles it would lead to another step\/spark. With this enabling you to visualize and start being able to place it on this framework.<\/p>\n\n\n\n<p>18-07-2020<\/p>\n\n\n\n<p>Moshiya van den Broek<\/p>\n","protected":false},"excerpt":{"rendered":"<p>There is a story of Abraham and his son Isaac. This story tells us that god asked Abraham to sacrifice his beloved son as a test of his faith, but at the last moment stops him and instead offered a ram. Abraham and his wife Sarah were very old (over 90 years old) and they [&hellip;]<\/p>\n","protected":false},"author":1,"featured_media":0,"parent":296,"menu_order":0,"comment_status":"closed","ping_status":"closed","template":"","meta":{"footnotes":""},"class_list":["post-2751","page","type-page","status-publish","hentry"],"_links":{"self":[{"href":"https:\/\/www.truth-revelations.org\/index.php?rest_route=\/wp\/v2\/pages\/2751","targetHints":{"allow":["GET"]}}],"collection":[{"href":"https:\/\/www.truth-revelations.org\/index.php?rest_route=\/wp\/v2\/pages"}],"about":[{"href":"https:\/\/www.truth-revelations.org\/index.php?rest_route=\/wp\/v2\/types\/page"}],"author":[{"embeddable":true,"href":"https:\/\/www.truth-revelations.org\/index.php?rest_route=\/wp\/v2\/users\/1"}],"replies":[{"embeddable":true,"href":"https:\/\/www.truth-revelations.org\/index.php?rest_route=%2Fwp%2Fv2%2Fcomments&post=2751"}],"version-history":[{"count":1,"href":"https:\/\/www.truth-revelations.org\/index.php?rest_route=\/wp\/v2\/pages\/2751\/revisions"}],"predecessor-version":[{"id":2752,"href":"https:\/\/www.truth-revelations.org\/index.php?rest_route=\/wp\/v2\/pages\/2751\/revisions\/2752"}],"up":[{"embeddable":true,"href":"https:\/\/www.truth-revelations.org\/index.php?rest_route=\/wp\/v2\/pages\/296"}],"wp:attachment":[{"href":"https:\/\/www.truth-revelations.org\/index.php?rest_route=%2Fwp%2Fv2%2Fmedia&parent=2751"}],"curies":[{"name":"wp","href":"https:\/\/api.w.org\/{rel}","templated":true}]}}